{"id":1544,"date":"2025-05-26T16:46:35","date_gmt":"2025-05-26T14:46:35","guid":{"rendered":"https:\/\/alfredovergara.com\/blog\/"},"modified":"2025-06-06T18:05:48","modified_gmt":"2025-06-06T16:05:48","slug":"blog","status":"publish","type":"page","link":"https:\/\/alfredovergara.com\/ca\/blog\/","title":{"rendered":"Blog"},"content":{"rendered":"\t\t<div data-elementor-type=\"wp-page\" data-elementor-id=\"1544\" class=\"elementor elementor-1544 elementor-1329\">\n\t\t\t\t<div class=\"elementor-element elementor-element-09c4a9c e-flex e-con-boxed e-con e-parent\" data-id=\"09c4a9c\" data-element_type=\"container\" data-settings=\"{&quot;jet_parallax_layout_list&quot;:[]}\">\n\t\t\t\t\t<div class=\"e-con-inner\">\n\t\t<div class=\"elementor-element elementor-element-c00eccf e-con-full e-flex e-con e-child\" data-id=\"c00eccf\" data-element_type=\"container\" data-settings=\"{&quot;jet_parallax_layout_list&quot;:[]}\">\n\t\t\t\t<div class=\"elementor-element elementor-element-40e2034 elementor-widget elementor-widget-heading\" data-id=\"40e2034\" data-element_type=\"widget\" data-widget_type=\"heading.default\">\n\t\t\t\t<div class=\"elementor-widget-container\">\n\t\t\t\t\t<h1 class=\"elementor-heading-title elementor-size-default\">Blog<\/h1>\t\t\t\t<\/div>\n\t\t\t\t<\/div>\n\t\t\t\t<div class=\"elementor-element elementor-element-1fae10d elementor-widget elementor-widget-raven-advanced-posts\" data-id=\"1fae10d\" data-element_type=\"widget\" data-settings=\"{&quot;pagination_type&quot;:&quot;load_more&quot;,&quot;show_sortable&quot;:&quot;yes&quot;,&quot;query_posts_per_page&quot;:9,&quot;general_layout&quot;:&quot;grid&quot;,&quot;columns&quot;:&quot;3&quot;,&quot;columns_tablet&quot;:&quot;2&quot;,&quot;columns_mobile&quot;:&quot;1&quot;,&quot;show_all_title&quot;:&quot;yes&quot;,&quot;query_offset&quot;:0}\" data-widget_type=\"raven-advanced-posts.default\">\n\t\t\t\t<div class=\"elementor-widget-container\">\n\t\t\t\t\t\t\t<div class=\"raven-posts raven-posts-grid\">\r\n\t\t\t<div class=\"raven-sortable\"><div class=\"raven-sortable-items\"><a class=\"raven-sortable-item raven-sortable-active\" data-category=\"-1\" href=\"#\">Todos<\/a><a class=\"raven-sortable-item\" data-category=\"18\" href=\"#\">Corporate<\/a><\/div><span class=\"raven-posts-sortable-preloader\"><\/span><\/div>\t\t\t<div class=\"advanced-posts-content content-layout-under-image raven-grid raven-grid-3 raven-grid-mobile-1 raven-grid-tablet-2  \" data-post-id=\"1544\" data-archive-query=\"\">\r\n\t\t\t\t<div class=\"raven-posts-item raven-grid-item  \"><div class=\"raven-post-wrapper \"><div class=\"raven-post  \"><div class=\"raven-post-content\"><div class=\"raven-post-meta\"><a class=\"raven-post-meta-item raven-post-date\" href=\"https:\/\/alfredovergara.com\/ca\/2025\/12\/\" rel=\"bookmark\">desembre 18, 2025<\/a><\/div><h3 class=\"raven-post-title\"><a class=\"raven-post-title-link\" href=\"https:\/\/alfredovergara.com\/ca\/mira-el-video-que-hem-preparat\/\">Mira el v\u00eddeo que hem preparat&#8230;&#8230;..<\/a><\/h3><div class=\"raven-post-excerpt\">Prem la tecla &#8220;play&#8221;&#8230;. desitgem que t&#8217;agradi ! BONES FESTES !!! https:\/\/alfredovergara.com\/wp-content\/uploads\/CATALA_2026_1_mobile_.mp4<\/div><\/div><\/div><\/div><\/div><div class=\"raven-posts-item raven-grid-item  \"><div class=\"raven-post-wrapper \"><div class=\"raven-post  \"><div class=\"raven-post-image-wrap\"><a class=\"raven-post-image raven-image-fit\" href=\"https:\/\/alfredovergara.com\/ca\/estrenem-nova-web-un-pas-mes-en-el-nostre-compromis-amb-lexcellencia\/\"> <img fetchpriority=\"high\" decoding=\"async\" width=\"1024\" height=\"683\" src=\"https:\/\/alfredovergara.com\/wp-content\/uploads\/Post-Vergara-1024x683.jpg\" class=\"attachment-large size-large wp-image-1540\" alt=\"Presentaci\u00f3n nueva web Alfredo Vergara SL\" srcset=\"https:\/\/alfredovergara.com\/wp-content\/uploads\/Post-Vergara-1024x683.jpg 1024w, https:\/\/alfredovergara.com\/wp-content\/uploads\/Post-Vergara-300x200.jpg 300w, https:\/\/alfredovergara.com\/wp-content\/uploads\/Post-Vergara-768x512.jpg 768w, https:\/\/alfredovergara.com\/wp-content\/uploads\/Post-Vergara-1536x1024.jpg 1536w, https:\/\/alfredovergara.com\/wp-content\/uploads\/Post-Vergara-2048x1366.jpg 2048w\" sizes=\"(max-width: 1024px) 100vw, 1024px\" \/><span class=\"raven-post-image-overlay\"><\/span><\/a><\/div><div class=\"raven-post-content\"><div class=\"raven-post-meta\"><a class=\"raven-post-meta-item raven-post-date\" href=\"https:\/\/alfredovergara.com\/ca\/2025\/05\/\" rel=\"bookmark\">maig 26, 2025<\/a><\/div><h3 class=\"raven-post-title\"><a class=\"raven-post-title-link\" href=\"https:\/\/alfredovergara.com\/ca\/estrenem-nova-web-un-pas-mes-en-el-nostre-compromis-amb-lexcellencia\/\">Estrenem nova web: un pas m\u00e9s en el nostre comprom\u00eds amb l&#8217;excel\u00b7l\u00e8ncia<\/a><\/h3><div class=\"raven-post-excerpt\">A Alfredo Vergara S.L. creiem en l&#8217;evoluci\u00f3 constant, adaptar-nos per oferir sempre el millor. Avui fem un pas<\/div><\/div><\/div><\/div><\/div>\t\t\t<\/div>\r\n\t\t\t\t\t<\/div>\r\n\t\t\t\t\t\t<\/div>\n\t\t\t\t<\/div>\n\t\t\t\t<\/div>\n\t\t\t\t\t<\/div>\n\t\t\t\t<\/div>\n\t\t\t\t<\/div>\n\t\t","protected":false},"excerpt":{"rendered":"<p>TodosCorporate mayo 26, 2025 Estrenamos nueva web: un paso m\u00e1s en nuestro compromiso con la excelencia En Alfredo Vergara S.L. creemos en la evoluci\u00f3n constante, en adaptarnos para ofrecer siempre lo mejor. Hoy damos mayo 26, 2025 Estrenamos nueva web: un paso m\u00e1s en nuestro compromiso con la excelencia En Alfredo Vergara S.L. creemos en [&hellip;]<\/p>\n","protected":false},"author":1,"featured_media":2034,"parent":0,"menu_order":0,"comment_status":"closed","ping_status":"closed","template":"elementor_header_footer","meta":{"_acf_changed":false,"footnotes":""},"class_list":["post-1544","page","type-page","status-publish","has-post-thumbnail","hentry"],"acf":[],"yoast_head":"<!-- This site is optimized with the Yoast SEO plugin v26.6 - https:\/\/yoast.com\/wordpress\/plugins\/seo\/ -->\n<title>Blog | Alfredo Vergara S.L.<\/title>\n<meta name=\"robots\" content=\"index, follow, max-snippet:-1, max-image-preview:large, max-video-preview:-1\" \/>\n<link rel=\"canonical\" href=\"https:\/\/alfredovergara.com\/ca\/blog\/\" \/>\n<meta property=\"og:locale\" content=\"ca_ES\" \/>\n<meta property=\"og:type\" content=\"article\" \/>\n<meta property=\"og:title\" content=\"Blog | Alfredo Vergara S.L.\" \/>\n<meta property=\"og:description\" content=\"TodosCorporate mayo 26, 2025 Estrenamos nueva web: un paso m\u00e1s en nuestro compromiso con la excelencia En Alfredo Vergara S.L. creemos en la evoluci\u00f3n constante, en adaptarnos para ofrecer siempre lo mejor. Hoy damos mayo 26, 2025 Estrenamos nueva web: un paso m\u00e1s en nuestro compromiso con la excelencia En Alfredo Vergara S.L. creemos en [&hellip;]\" \/>\n<meta property=\"og:url\" content=\"https:\/\/alfredovergara.com\/ca\/blog\/\" \/>\n<meta property=\"og:site_name\" content=\"Alfredo Vergara S.L.\" \/>\n<meta property=\"article:modified_time\" content=\"2025-06-06T16:05:48+00:00\" \/>\n<meta property=\"og:image\" content=\"https:\/\/alfredovergara.com\/wp-content\/uploads\/Post-Vergara-1024x683.jpg\" \/>\n<meta name=\"twitter:card\" content=\"summary_large_image\" \/>\n<meta name=\"twitter:label1\" content=\"Temps estimat de lectura\" \/>\n\t<meta name=\"twitter:data1\" content=\"4 minuts\" \/>\n<script type=\"application\/ld+json\" class=\"yoast-schema-graph\">{\"@context\":\"https:\/\/schema.org\",\"@graph\":[{\"@type\":\"WebPage\",\"@id\":\"https:\/\/alfredovergara.com\/ca\/blog\/\",\"url\":\"https:\/\/alfredovergara.com\/ca\/blog\/\",\"name\":\"Blog | Alfredo Vergara S.L.\",\"isPartOf\":{\"@id\":\"https:\/\/alfredovergara.com\/ca\/#website\"},\"primaryImageOfPage\":{\"@id\":\"https:\/\/alfredovergara.com\/ca\/blog\/#primaryimage\"},\"image\":{\"@id\":\"https:\/\/alfredovergara.com\/ca\/blog\/#primaryimage\"},\"thumbnailUrl\":\"https:\/\/alfredovergara.com\/wp-content\/uploads\/Captura.png\",\"datePublished\":\"2025-05-26T14:46:35+00:00\",\"dateModified\":\"2025-06-06T16:05:48+00:00\",\"breadcrumb\":{\"@id\":\"https:\/\/alfredovergara.com\/ca\/blog\/#breadcrumb\"},\"inLanguage\":\"ca\",\"potentialAction\":[{\"@type\":\"ReadAction\",\"target\":[\"https:\/\/alfredovergara.com\/ca\/blog\/\"]}]},{\"@type\":\"ImageObject\",\"inLanguage\":\"ca\",\"@id\":\"https:\/\/alfredovergara.com\/ca\/blog\/#primaryimage\",\"url\":\"https:\/\/alfredovergara.com\/wp-content\/uploads\/Captura.png\",\"contentUrl\":\"https:\/\/alfredovergara.com\/wp-content\/uploads\/Captura.png\",\"width\":513,\"height\":617},{\"@type\":\"BreadcrumbList\",\"@id\":\"https:\/\/alfredovergara.com\/ca\/blog\/#breadcrumb\",\"itemListElement\":[{\"@type\":\"ListItem\",\"position\":1,\"name\":\"Portada\",\"item\":\"https:\/\/alfredovergara.com\/ca\/\"},{\"@type\":\"ListItem\",\"position\":2,\"name\":\"Blog\"}]},{\"@type\":\"WebSite\",\"@id\":\"https:\/\/alfredovergara.com\/ca\/#website\",\"url\":\"https:\/\/alfredovergara.com\/ca\/\",\"name\":\"Alfredo Vergara S.L.\",\"description\":\"Distribuidor de Aromas Industriales Firmenich\",\"potentialAction\":[{\"@type\":\"SearchAction\",\"target\":{\"@type\":\"EntryPoint\",\"urlTemplate\":\"https:\/\/alfredovergara.com\/ca\/?s={search_term_string}\"},\"query-input\":{\"@type\":\"PropertyValueSpecification\",\"valueRequired\":true,\"valueName\":\"search_term_string\"}}],\"inLanguage\":\"ca\"}]}<\/script>\n<!-- \/ Yoast SEO plugin. -->","yoast_head_json":{"title":"Blog | Alfredo Vergara S.L.","robots":{"index":"index","follow":"follow","max-snippet":"max-snippet:-1","max-image-preview":"max-image-preview:large","max-video-preview":"max-video-preview:-1"},"canonical":"https:\/\/alfredovergara.com\/ca\/blog\/","og_locale":"ca_ES","og_type":"article","og_title":"Blog | Alfredo Vergara S.L.","og_description":"TodosCorporate mayo 26, 2025 Estrenamos nueva web: un paso m\u00e1s en nuestro compromiso con la excelencia En Alfredo Vergara S.L. creemos en la evoluci\u00f3n constante, en adaptarnos para ofrecer siempre lo mejor. Hoy damos mayo 26, 2025 Estrenamos nueva web: un paso m\u00e1s en nuestro compromiso con la excelencia En Alfredo Vergara S.L. creemos en [&hellip;]","og_url":"https:\/\/alfredovergara.com\/ca\/blog\/","og_site_name":"Alfredo Vergara S.L.","article_modified_time":"2025-06-06T16:05:48+00:00","og_image":[{"url":"https:\/\/alfredovergara.com\/wp-content\/uploads\/Post-Vergara-1024x683.jpg","type":"","width":"","height":""}],"twitter_card":"summary_large_image","twitter_misc":{"Temps estimat de lectura":"4 minuts"},"schema":{"@context":"https:\/\/schema.org","@graph":[{"@type":"WebPage","@id":"https:\/\/alfredovergara.com\/ca\/blog\/","url":"https:\/\/alfredovergara.com\/ca\/blog\/","name":"Blog | Alfredo Vergara S.L.","isPartOf":{"@id":"https:\/\/alfredovergara.com\/ca\/#website"},"primaryImageOfPage":{"@id":"https:\/\/alfredovergara.com\/ca\/blog\/#primaryimage"},"image":{"@id":"https:\/\/alfredovergara.com\/ca\/blog\/#primaryimage"},"thumbnailUrl":"https:\/\/alfredovergara.com\/wp-content\/uploads\/Captura.png","datePublished":"2025-05-26T14:46:35+00:00","dateModified":"2025-06-06T16:05:48+00:00","breadcrumb":{"@id":"https:\/\/alfredovergara.com\/ca\/blog\/#breadcrumb"},"inLanguage":"ca","potentialAction":[{"@type":"ReadAction","target":["https:\/\/alfredovergara.com\/ca\/blog\/"]}]},{"@type":"ImageObject","inLanguage":"ca","@id":"https:\/\/alfredovergara.com\/ca\/blog\/#primaryimage","url":"https:\/\/alfredovergara.com\/wp-content\/uploads\/Captura.png","contentUrl":"https:\/\/alfredovergara.com\/wp-content\/uploads\/Captura.png","width":513,"height":617},{"@type":"BreadcrumbList","@id":"https:\/\/alfredovergara.com\/ca\/blog\/#breadcrumb","itemListElement":[{"@type":"ListItem","position":1,"name":"Portada","item":"https:\/\/alfredovergara.com\/ca\/"},{"@type":"ListItem","position":2,"name":"Blog"}]},{"@type":"WebSite","@id":"https:\/\/alfredovergara.com\/ca\/#website","url":"https:\/\/alfredovergara.com\/ca\/","name":"Alfredo Vergara S.L.","description":"Distribuidor de Aromas Industriales Firmenich","potentialAction":[{"@type":"SearchAction","target":{"@type":"EntryPoint","urlTemplate":"https:\/\/alfredovergara.com\/ca\/?s={search_term_string}"},"query-input":{"@type":"PropertyValueSpecification","valueRequired":true,"valueName":"search_term_string"}}],"inLanguage":"ca"}]}},"_links":{"self":[{"href":"https:\/\/alfredovergara.com\/ca\/wp-json\/wp\/v2\/pages\/1544","targetHints":{"allow":["GET"]}}],"collection":[{"href":"https:\/\/alfredovergara.com\/ca\/wp-json\/wp\/v2\/pages"}],"about":[{"href":"https:\/\/alfredovergara.com\/ca\/wp-json\/wp\/v2\/types\/page"}],"author":[{"embeddable":true,"href":"https:\/\/alfredovergara.com\/ca\/wp-json\/wp\/v2\/users\/1"}],"replies":[{"embeddable":true,"href":"https:\/\/alfredovergara.com\/ca\/wp-json\/wp\/v2\/comments?post=1544"}],"version-history":[{"count":1,"href":"https:\/\/alfredovergara.com\/ca\/wp-json\/wp\/v2\/pages\/1544\/revisions"}],"predecessor-version":[{"id":1667,"href":"https:\/\/alfredovergara.com\/ca\/wp-json\/wp\/v2\/pages\/1544\/revisions\/1667"}],"wp:featuredmedia":[{"embeddable":true,"href":"https:\/\/alfredovergara.com\/ca\/wp-json\/wp\/v2\/media\/2034"}],"wp:attachment":[{"href":"https:\/\/alfredovergara.com\/ca\/wp-json\/wp\/v2\/media?parent=1544"}],"curies":[{"name":"wp","href":"https:\/\/api.w.org\/{rel}","templated":true}]}}