{"id":1555,"date":"2025-04-14T16:51:11","date_gmt":"2025-04-14T14:51:11","guid":{"rendered":"https:\/\/alfredovergara.com\/soporte-tecnico\/"},"modified":"2025-07-08T16:47:10","modified_gmt":"2025-07-08T14:47:10","slug":"soporte-tecnico","status":"publish","type":"page","link":"https:\/\/alfredovergara.com\/ca\/soporte-tecnico\/","title":{"rendered":"Suport t\u00e8cnic"},"content":{"rendered":"\t\t<div data-elementor-type=\"wp-post\" data-elementor-id=\"1555\" class=\"elementor elementor-1555 elementor-1094\">\n\t\t\t\t<div class=\"elementor-element elementor-element-4203def e-flex e-con-boxed e-con e-parent\" data-id=\"4203def\" data-element_type=\"container\" data-settings=\"{&quot;jet_parallax_layout_list&quot;:[{&quot;jet_parallax_layout_image&quot;:{&quot;url&quot;:&quot;&quot;,&quot;id&quot;:&quot;&quot;,&quot;size&quot;:&quot;&quot;},&quot;_id&quot;:&quot;46c6b16&quot;,&quot;jet_parallax_layout_image_tablet&quot;:{&quot;url&quot;:&quot;&quot;,&quot;id&quot;:&quot;&quot;,&quot;size&quot;:&quot;&quot;},&quot;jet_parallax_layout_image_mobile&quot;:{&quot;url&quot;:&quot;&quot;,&quot;id&quot;:&quot;&quot;,&quot;size&quot;:&quot;&quot;},&quot;jet_parallax_layout_speed&quot;:{&quot;unit&quot;:&quot;%&quot;,&quot;size&quot;:&quot;50&quot;,&quot;sizes&quot;:[]},&quot;jet_parallax_layout_bg_x&quot;:&quot;50&quot;,&quot;jet_parallax_layout_bg_y&quot;:&quot;50&quot;,&quot;jet_parallax_layout_type&quot;:&quot;scroll&quot;,&quot;jet_parallax_layout_direction&quot;:null,&quot;jet_parallax_layout_fx_direction&quot;:null,&quot;jet_parallax_layout_z_index&quot;:&quot;&quot;,&quot;jet_parallax_layout_bg_x_tablet&quot;:&quot;&quot;,&quot;jet_parallax_layout_bg_x_mobile&quot;:&quot;&quot;,&quot;jet_parallax_layout_bg_y_tablet&quot;:&quot;&quot;,&quot;jet_parallax_layout_bg_y_mobile&quot;:&quot;&quot;,&quot;jet_parallax_layout_bg_size&quot;:&quot;auto&quot;,&quot;jet_parallax_layout_bg_size_tablet&quot;:&quot;&quot;,&quot;jet_parallax_layout_bg_size_mobile&quot;:&quot;&quot;,&quot;jet_parallax_layout_animation_prop&quot;:&quot;transform&quot;,&quot;jet_parallax_layout_on&quot;:[&quot;desktop&quot;,&quot;tablet&quot;]}]}\">\n\t\t\t\t\t<div class=\"e-con-inner\">\n\t\t<div class=\"elementor-element elementor-element-e269e24 e-con-full e-flex e-con e-child\" data-id=\"e269e24\" data-element_type=\"container\" data-settings=\"{&quot;jet_parallax_layout_list&quot;:[]}\">\n\t\t<div class=\"elementor-element elementor-element-9c397f5 e-con-full e-flex e-con e-child\" data-id=\"9c397f5\" data-element_type=\"container\" data-settings=\"{&quot;jet_parallax_layout_list&quot;:[]}\">\n\t\t\t\t<div class=\"elementor-element elementor-element-495e572 elementor-widget elementor-widget-image\" data-id=\"495e572\" data-element_type=\"widget\" data-widget_type=\"image.default\">\n\t\t\t\t<div class=\"elementor-widget-container\">\n\t\t\t\t\t\t\t\t\t\t\t\t\t\t\t<img fetchpriority=\"high\" decoding=\"async\" width=\"1400\" height=\"934\" src=\"https:\/\/alfredovergara.com\/wp-content\/uploads\/scientist-apothecary-extract-cbd-hemp-oil-medicinal-purpose-laboratory-copia.jpg\" class=\"attachment-full size-full wp-image-1496\" alt=\"\" srcset=\"https:\/\/alfredovergara.com\/wp-content\/uploads\/scientist-apothecary-extract-cbd-hemp-oil-medicinal-purpose-laboratory-copia.jpg 1400w, https:\/\/alfredovergara.com\/wp-content\/uploads\/scientist-apothecary-extract-cbd-hemp-oil-medicinal-purpose-laboratory-copia-300x200.jpg 300w, https:\/\/alfredovergara.com\/wp-content\/uploads\/scientist-apothecary-extract-cbd-hemp-oil-medicinal-purpose-laboratory-copia-1024x683.jpg 1024w, https:\/\/alfredovergara.com\/wp-content\/uploads\/scientist-apothecary-extract-cbd-hemp-oil-medicinal-purpose-laboratory-copia-768x512.jpg 768w\" sizes=\"(max-width: 1400px) 100vw, 1400px\" \/>\t\t\t\t\t\t\t\t\t\t\t\t\t\t\t<\/div>\n\t\t\t\t<\/div>\n\t\t\t\t<\/div>\n\t\t<div class=\"elementor-element elementor-element-075439a e-con-full e-flex e-con e-child\" data-id=\"075439a\" data-element_type=\"container\" data-settings=\"{&quot;jet_parallax_layout_list&quot;:[]}\">\n\t\t\t\t<div class=\"elementor-element elementor-element-be2c0fe elementor-align-left elementor-widget elementor-widget-raven-heading\" data-id=\"be2c0fe\" data-element_type=\"widget\" data-widget_type=\"raven-heading.default\">\n\t\t\t\t<div class=\"elementor-widget-container\">\n\t\t\t\t\t\t\t<div class=\"raven-widget-wrapper\"><h1 class=\"raven-heading raven-heading-h1\"><span class=\"raven-heading-title \">Suport t\u00e8cnic per a solucions arom\u00e0tiques industrials<\/span><\/h1><\/div>\r\n\t\t\t\t\t\t<\/div>\n\t\t\t\t<\/div>\n\t\t\t\t<div class=\"elementor-element elementor-element-527c63d elementor-align-left elementor-widget elementor-widget-raven-heading\" data-id=\"527c63d\" data-element_type=\"widget\" data-widget_type=\"raven-heading.default\">\n\t\t\t\t<div class=\"elementor-widget-container\">\n\t\t\t\t\t\t\t<div class=\"raven-widget-wrapper\"><h2 class=\"raven-heading raven-heading-h2\"><span class=\"raven-heading-title \">Acompanyament expert des de la innovaci\u00f3<\/span><\/h2><\/div>\r\n\t\t\t\t\t\t<\/div>\n\t\t\t\t<\/div>\n\t\t\t\t<div class=\"elementor-element elementor-element-30b2e4b elementor-widget elementor-widget-text-editor\" data-id=\"30b2e4b\" data-element_type=\"widget\" data-widget_type=\"text-editor.default\">\n\t\t\t\t<div class=\"elementor-widget-container\">\n\t\t\t\t\t\t\t\t\t<p>A Alfredo Vergara S.L. oferim suport t\u00e8cnic especialitzat en l&#8217;aplicaci\u00f3 de solucions arom\u00e0tiques per a la ind\u00fastria agroaliment\u00e0ria i farmac\u00e8utica. El nostre objectiu \u00e9s aportar coneixement, fiabilitat i seguiment continu als processos de desenvolupament de productes que incorporen aromes industrials.<\/p>\t\t\t\t\t\t\t\t<\/div>\n\t\t\t\t<\/div>\n\t\t\t\t<\/div>\n\t\t\t\t<\/div>\n\t\t\t\t\t<\/div>\n\t\t\t\t<\/div>\n\t\t<div class=\"elementor-element elementor-element-f1521cd e-flex e-con-boxed e-con e-parent\" data-id=\"f1521cd\" data-element_type=\"container\" data-settings=\"{&quot;jet_parallax_layout_list&quot;:[{&quot;jet_parallax_layout_image&quot;:{&quot;url&quot;:&quot;&quot;,&quot;id&quot;:&quot;&quot;,&quot;size&quot;:&quot;&quot;},&quot;_id&quot;:&quot;6daa41d&quot;,&quot;jet_parallax_layout_image_tablet&quot;:{&quot;url&quot;:&quot;&quot;,&quot;id&quot;:&quot;&quot;,&quot;size&quot;:&quot;&quot;},&quot;jet_parallax_layout_image_mobile&quot;:{&quot;url&quot;:&quot;&quot;,&quot;id&quot;:&quot;&quot;,&quot;size&quot;:&quot;&quot;},&quot;jet_parallax_layout_speed&quot;:{&quot;unit&quot;:&quot;%&quot;,&quot;size&quot;:&quot;50&quot;,&quot;sizes&quot;:[]},&quot;jet_parallax_layout_bg_x&quot;:&quot;50&quot;,&quot;jet_parallax_layout_bg_y&quot;:&quot;50&quot;,&quot;jet_parallax_layout_type&quot;:&quot;scroll&quot;,&quot;jet_parallax_layout_direction&quot;:null,&quot;jet_parallax_layout_fx_direction&quot;:null,&quot;jet_parallax_layout_z_index&quot;:&quot;&quot;,&quot;jet_parallax_layout_bg_x_tablet&quot;:&quot;&quot;,&quot;jet_parallax_layout_bg_x_mobile&quot;:&quot;&quot;,&quot;jet_parallax_layout_bg_y_tablet&quot;:&quot;&quot;,&quot;jet_parallax_layout_bg_y_mobile&quot;:&quot;&quot;,&quot;jet_parallax_layout_bg_size&quot;:&quot;auto&quot;,&quot;jet_parallax_layout_bg_size_tablet&quot;:&quot;&quot;,&quot;jet_parallax_layout_bg_size_mobile&quot;:&quot;&quot;,&quot;jet_parallax_layout_animation_prop&quot;:&quot;transform&quot;,&quot;jet_parallax_layout_on&quot;:[&quot;desktop&quot;,&quot;tablet&quot;]}]}\">\n\t\t\t\t\t<div class=\"e-con-inner\">\n\t\t<div class=\"elementor-element elementor-element-53bcec0 e-con-full e-flex e-con e-child\" data-id=\"53bcec0\" data-element_type=\"container\" data-settings=\"{&quot;jet_parallax_layout_list&quot;:[]}\">\n\t\t\t\t<div class=\"elementor-element elementor-element-8470164 elementor-mobile-align-left elementor-align-left elementor-widget elementor-widget-raven-heading\" data-id=\"8470164\" data-element_type=\"widget\" data-widget_type=\"raven-heading.default\">\n\t\t\t\t<div class=\"elementor-widget-container\">\n\t\t\t\t\t\t\t<div class=\"raven-widget-wrapper\"><h2 class=\"raven-heading raven-heading-h2\"><span class=\"raven-heading-title \">Selecci\u00f3 d'aromes i proves de desenvolupament<\/span><\/h2><\/div>\r\n\t\t\t\t\t\t<\/div>\n\t\t\t\t<\/div>\n\t\t\t\t<div class=\"elementor-element elementor-element-a665f0e elementor-widget elementor-widget-text-editor\" data-id=\"a665f0e\" data-element_type=\"widget\" data-widget_type=\"text-editor.default\">\n\t\t\t\t<div class=\"elementor-widget-container\">\n\t\t\t\t\t\t\t\t\t<p>Col\u00b7laborem amb empreses aliment\u00e0ries i empreses farmac\u00e8utiques per identificar l&#8217;aroma m\u00e9s adequada segons l&#8217;aplicaci\u00f3, el tipus de matriu i les condicions d&#8217;\u00fas.<\/p><p>Realitzem proves i validacions que permeten garantir el rendiment de l&#8217;aroma, la seva estabilitat i la seva adaptaci\u00f3 al producte final, complint sempre els requisits del mercat farmac\u00e8utic i agroalimentari.<\/p>\t\t\t\t\t\t\t\t<\/div>\n\t\t\t\t<\/div>\n\t\t\t\t<\/div>\n\t\t<div class=\"elementor-element elementor-element-4fe3b99 e-con-full e-flex e-con e-child\" data-id=\"4fe3b99\" data-element_type=\"container\" data-settings=\"{&quot;jet_parallax_layout_list&quot;:[]}\">\n\t\t\t\t<div class=\"elementor-element elementor-element-3d29d3d elementor-mobile-align-left elementor-align-left elementor-widget elementor-widget-raven-heading\" data-id=\"3d29d3d\" data-element_type=\"widget\" data-widget_type=\"raven-heading.default\">\n\t\t\t\t<div class=\"elementor-widget-container\">\n\t\t\t\t\t\t\t<div class=\"raven-widget-wrapper\"><h2 class=\"raven-heading raven-heading-h2\"><span class=\"raven-heading-title \">Assessorament en normatives del sector<\/span><\/h2><\/div>\r\n\t\t\t\t\t\t<\/div>\n\t\t\t\t<\/div>\n\t\t\t\t<div class=\"elementor-element elementor-element-304ed68 elementor-widget elementor-widget-text-editor\" data-id=\"304ed68\" data-element_type=\"widget\" data-widget_type=\"text-editor.default\">\n\t\t\t\t<div class=\"elementor-widget-container\">\n\t\t\t\t\t\t\t\t\t<p>Gr\u00e0cies a la nostra experi\u00e8ncia com a distribu\u00efdors exclusius dels aromes de dsm-firmenich a Espanya, oferim un servei d&#8217;assessorament t\u00e8cnic i documental alineat amb la regulaci\u00f3 vigent de la ind\u00fastria farmac\u00e8utica i la ind\u00fastria agroaliment\u00e0ria.<\/p>\n<p>Acompanyem el client des de la fase de desenvolupament fins a l&#8217;aplicaci\u00f3 industrial, garantint el compliment normatiu a cada etapa.<\/p>\t\t\t\t\t\t\t\t<\/div>\n\t\t\t\t<\/div>\n\t\t\t\t<\/div>\n\t\t\t\t\t<\/div>\n\t\t\t\t<\/div>\n\t\t<div class=\"elementor-element elementor-element-86c2b8e e-flex e-con-boxed e-con e-parent\" data-id=\"86c2b8e\" data-element_type=\"container\" data-settings=\"{&quot;jet_parallax_layout_list&quot;:[{&quot;jet_parallax_layout_image&quot;:{&quot;url&quot;:&quot;&quot;,&quot;id&quot;:&quot;&quot;,&quot;size&quot;:&quot;&quot;},&quot;_id&quot;:&quot;fd9de64&quot;,&quot;jet_parallax_layout_image_tablet&quot;:{&quot;url&quot;:&quot;&quot;,&quot;id&quot;:&quot;&quot;,&quot;size&quot;:&quot;&quot;},&quot;jet_parallax_layout_image_mobile&quot;:{&quot;url&quot;:&quot;&quot;,&quot;id&quot;:&quot;&quot;,&quot;size&quot;:&quot;&quot;},&quot;jet_parallax_layout_speed&quot;:{&quot;unit&quot;:&quot;%&quot;,&quot;size&quot;:50,&quot;sizes&quot;:[]},&quot;jet_parallax_layout_type&quot;:&quot;scroll&quot;,&quot;jet_parallax_layout_direction&quot;:null,&quot;jet_parallax_layout_fx_direction&quot;:null,&quot;jet_parallax_layout_z_index&quot;:&quot;&quot;,&quot;jet_parallax_layout_bg_x&quot;:50,&quot;jet_parallax_layout_bg_x_tablet&quot;:&quot;&quot;,&quot;jet_parallax_layout_bg_x_mobile&quot;:&quot;&quot;,&quot;jet_parallax_layout_bg_y&quot;:50,&quot;jet_parallax_layout_bg_y_tablet&quot;:&quot;&quot;,&quot;jet_parallax_layout_bg_y_mobile&quot;:&quot;&quot;,&quot;jet_parallax_layout_bg_size&quot;:&quot;auto&quot;,&quot;jet_parallax_layout_bg_size_tablet&quot;:&quot;&quot;,&quot;jet_parallax_layout_bg_size_mobile&quot;:&quot;&quot;,&quot;jet_parallax_layout_animation_prop&quot;:&quot;transform&quot;,&quot;jet_parallax_layout_on&quot;:[&quot;desktop&quot;,&quot;tablet&quot;]}],&quot;background_background&quot;:&quot;classic&quot;}\">\n\t\t\t\t\t<div class=\"e-con-inner\">\n\t\t<div class=\"elementor-element elementor-element-c6420d7 e-con-full e-flex e-con e-child\" data-id=\"c6420d7\" data-element_type=\"container\" data-settings=\"{&quot;jet_parallax_layout_list&quot;:[]}\">\n\t\t\t\t<div class=\"elementor-element elementor-element-e5f6094 elementor-align-center elementor-widget elementor-widget-raven-heading\" data-id=\"e5f6094\" data-element_type=\"widget\" data-widget_type=\"raven-heading.default\">\n\t\t\t\t<div class=\"elementor-widget-container\">\n\t\t\t\t\t\t\t<div class=\"raven-widget-wrapper\"><h2 class=\"raven-heading raven-heading-h2\"><span class=\"raven-heading-title \">Necessites assessorament? <br>Estem aqu\u00ed per ajudar-te<\/span><\/h2><\/div>\r\n\t\t\t\t\t\t<\/div>\n\t\t\t\t<\/div>\n\t\t\t\t<div class=\"elementor-element elementor-element-784642b elementor-widget__width-initial elementor-widget elementor-widget-heading\" data-id=\"784642b\" data-element_type=\"widget\" data-widget_type=\"heading.default\">\n\t\t\t\t<div class=\"elementor-widget-container\">\n\t\t\t\t\t<div class=\"elementor-heading-title elementor-size-default\">Oferim atenci\u00f3 personalitzada i suport t\u00e8cnic per ajudar-te a seleccionar la soluci\u00f3 arom\u00e0tica m\u00e9s adequada pel teu producte.<\/div>\t\t\t\t<\/div>\n\t\t\t\t<\/div>\n\t\t\t\t<div class=\"elementor-element elementor-element-a861886 elementor-align-left elementor-widget elementor-widget-raven-button\" data-id=\"a861886\" data-element_type=\"widget\" data-settings=\"{&quot;turn_to_popup_action_button&quot;:&quot;no&quot;}\" data-widget_type=\"raven-button.default\">\n\t\t\t\t<div class=\"elementor-widget-container\">\n\t\t\t\t\t\t\t<div class=\"raven-widget-wrapper\">\r\n\t\t\t<a class=\"raven-button raven-button-widget-normal-effect-none elementor-button raven-button-text-align-center raven-button-link elementor-animation-none\" href=\"https:\/\/alfredovergara.com\/contacto\/\">\t\t\t\t<div class=\"raven-button-overlay\" ><\/div>\r\n\t\t\t\t<span class=\"raven-button-content\">\r\n\t\t\t\t\t\r\n\t\t\t\t\t<div class=\"button-text-container\">\r\n\t\t\t\t\t\t\t\t\t\t\t\t<div class=\"raven-button-texts-wrapper\">\r\n\t\t\t\t\t\t\t<div class=\"button-text\">\r\n\t\t\t\t\t\t\t\t<span class=\"raven-button-text\">\r\n\t\t\t\t\t\t\t\t\tContacta'ns per a m\u00e9s informaci\u00f3\t\t\t\t\t\t\t\t<\/span>\r\n\t\t\t\t\t\t\t<\/div>\r\n\t\t\t\t\t\t\t\t\t\t\t\t\t<\/div>\r\n\t\t\t\t\t\t\t\t\t\t\t<\/div>\r\n\t\t\t\t\t\r\n\t\t\t\t\t\t\t\t\t<\/span>\r\n\t\t\t<\/a>\t\t<\/div>\r\n\t\t\t\t\t\t<\/div>\n\t\t\t\t<\/div>\n\t\t\t\t<\/div>\n\t\t\t\t\t<\/div>\n\t\t\t\t<\/div>\n\t\t\t\t<\/div>\n\t\t","protected":false},"excerpt":{"rendered":"<p>Suport t\u00e8cnic per a solucions arom\u00e0tiques industrials Acompanyament expert des de la innovaci\u00f3 A Alfredo Vergara S.L. oferim suport t\u00e8cnic especialitzat en l&#8217;aplicaci\u00f3 de solucions arom\u00e0tiques per a la ind\u00fastria agroaliment\u00e0ria i farmac\u00e8utica. El nostre objectiu \u00e9s aportar coneixement, fiabilitat i seguiment continu als processos de desenvolupament de productes que incorporen aromes industrials. Selecci\u00f3 d&#8217;aromes [&hellip;]<\/p>\n","protected":false},"author":1,"featured_media":0,"parent":0,"menu_order":0,"comment_status":"closed","ping_status":"closed","template":"elementor_header_footer","meta":{"_acf_changed":false,"footnotes":""},"class_list":["post-1555","page","type-page","status-publish","hentry"],"acf":[],"yoast_head":"<!-- This site is optimized with the Yoast SEO plugin v26.6 - https:\/\/yoast.com\/wordpress\/plugins\/seo\/ -->\n<title>Suport T\u00e8cnic en Solucions Arom\u00e0tiques | Alfredo Vergara S.L.<\/title>\n<meta name=\"description\" content=\"Assessorem empreses aliment\u00e0ries i farmac\u00e8utiques amb solucions arom\u00e0tiques industrials.\" \/>\n<meta name=\"robots\" content=\"index, follow, max-snippet:-1, max-image-preview:large, max-video-preview:-1\" \/>\n<link rel=\"canonical\" href=\"https:\/\/alfredovergara.com\/ca\/soporte-tecnico\/\" \/>\n<meta property=\"og:locale\" content=\"ca_ES\" \/>\n<meta property=\"og:type\" content=\"article\" \/>\n<meta property=\"og:title\" content=\"Suport T\u00e8cnic en Solucions Arom\u00e0tiques | Alfredo Vergara S.L.\" \/>\n<meta property=\"og:description\" content=\"Assessorem empreses aliment\u00e0ries i farmac\u00e8utiques amb solucions arom\u00e0tiques industrials.\" \/>\n<meta property=\"og:url\" content=\"https:\/\/alfredovergara.com\/ca\/soporte-tecnico\/\" \/>\n<meta property=\"og:site_name\" content=\"Alfredo Vergara S.L.\" \/>\n<meta property=\"article:modified_time\" content=\"2025-07-08T14:47:10+00:00\" \/>\n<meta property=\"og:image\" content=\"https:\/\/alfredovergara.com\/wp-content\/uploads\/scientist-apothecary-extract-cbd-hemp-oil-medicinal-purpose-laboratory-copia.jpg\" \/>\n\t<meta property=\"og:image:width\" content=\"1400\" \/>\n\t<meta property=\"og:image:height\" content=\"934\" \/>\n\t<meta property=\"og:image:type\" content=\"image\/jpeg\" \/>\n<meta name=\"twitter:card\" content=\"summary_large_image\" \/>\n<meta name=\"twitter:label1\" content=\"Temps estimat de lectura\" \/>\n\t<meta name=\"twitter:data1\" content=\"2 minuts\" \/>\n<script type=\"application\/ld+json\" class=\"yoast-schema-graph\">{\"@context\":\"https:\/\/schema.org\",\"@graph\":[{\"@type\":\"WebPage\",\"@id\":\"https:\/\/alfredovergara.com\/ca\/soporte-tecnico\/\",\"url\":\"https:\/\/alfredovergara.com\/ca\/soporte-tecnico\/\",\"name\":\"Suport T\u00e8cnic en Solucions Arom\u00e0tiques | Alfredo Vergara S.L.\",\"isPartOf\":{\"@id\":\"https:\/\/alfredovergara.com\/ca\/#website\"},\"primaryImageOfPage\":{\"@id\":\"https:\/\/alfredovergara.com\/ca\/soporte-tecnico\/#primaryimage\"},\"image\":{\"@id\":\"https:\/\/alfredovergara.com\/ca\/soporte-tecnico\/#primaryimage\"},\"thumbnailUrl\":\"https:\/\/alfredovergara.com\/wp-content\/uploads\/scientist-apothecary-extract-cbd-hemp-oil-medicinal-purpose-laboratory-copia.jpg\",\"datePublished\":\"2025-04-14T14:51:11+00:00\",\"dateModified\":\"2025-07-08T14:47:10+00:00\",\"description\":\"Assessorem empreses aliment\u00e0ries i farmac\u00e8utiques amb solucions arom\u00e0tiques industrials.\",\"breadcrumb\":{\"@id\":\"https:\/\/alfredovergara.com\/ca\/soporte-tecnico\/#breadcrumb\"},\"inLanguage\":\"ca\",\"potentialAction\":[{\"@type\":\"ReadAction\",\"target\":[\"https:\/\/alfredovergara.com\/ca\/soporte-tecnico\/\"]}]},{\"@type\":\"ImageObject\",\"inLanguage\":\"ca\",\"@id\":\"https:\/\/alfredovergara.com\/ca\/soporte-tecnico\/#primaryimage\",\"url\":\"https:\/\/alfredovergara.com\/wp-content\/uploads\/scientist-apothecary-extract-cbd-hemp-oil-medicinal-purpose-laboratory-copia.jpg\",\"contentUrl\":\"https:\/\/alfredovergara.com\/wp-content\/uploads\/scientist-apothecary-extract-cbd-hemp-oil-medicinal-purpose-laboratory-copia.jpg\"},{\"@type\":\"BreadcrumbList\",\"@id\":\"https:\/\/alfredovergara.com\/ca\/soporte-tecnico\/#breadcrumb\",\"itemListElement\":[{\"@type\":\"ListItem\",\"position\":1,\"name\":\"Portada\",\"item\":\"https:\/\/alfredovergara.com\/ca\/\"},{\"@type\":\"ListItem\",\"position\":2,\"name\":\"Suport t\u00e8cnic\"}]},{\"@type\":\"WebSite\",\"@id\":\"https:\/\/alfredovergara.com\/ca\/#website\",\"url\":\"https:\/\/alfredovergara.com\/ca\/\",\"name\":\"Alfredo Vergara S.L.\",\"description\":\"Distribuidor de Aromas Industriales Firmenich\",\"potentialAction\":[{\"@type\":\"SearchAction\",\"target\":{\"@type\":\"EntryPoint\",\"urlTemplate\":\"https:\/\/alfredovergara.com\/ca\/?s={search_term_string}\"},\"query-input\":{\"@type\":\"PropertyValueSpecification\",\"valueRequired\":true,\"valueName\":\"search_term_string\"}}],\"inLanguage\":\"ca\"}]}<\/script>\n<!-- \/ Yoast SEO plugin. -->","yoast_head_json":{"title":"Suport T\u00e8cnic en Solucions Arom\u00e0tiques | Alfredo Vergara S.L.","description":"Assessorem empreses aliment\u00e0ries i farmac\u00e8utiques amb solucions arom\u00e0tiques industrials.","robots":{"index":"index","follow":"follow","max-snippet":"max-snippet:-1","max-image-preview":"max-image-preview:large","max-video-preview":"max-video-preview:-1"},"canonical":"https:\/\/alfredovergara.com\/ca\/soporte-tecnico\/","og_locale":"ca_ES","og_type":"article","og_title":"Suport T\u00e8cnic en Solucions Arom\u00e0tiques | Alfredo Vergara S.L.","og_description":"Assessorem empreses aliment\u00e0ries i farmac\u00e8utiques amb solucions arom\u00e0tiques industrials.","og_url":"https:\/\/alfredovergara.com\/ca\/soporte-tecnico\/","og_site_name":"Alfredo Vergara S.L.","article_modified_time":"2025-07-08T14:47:10+00:00","og_image":[{"width":1400,"height":934,"url":"https:\/\/alfredovergara.com\/wp-content\/uploads\/scientist-apothecary-extract-cbd-hemp-oil-medicinal-purpose-laboratory-copia.jpg","type":"image\/jpeg"}],"twitter_card":"summary_large_image","twitter_misc":{"Temps estimat de lectura":"2 minuts"},"schema":{"@context":"https:\/\/schema.org","@graph":[{"@type":"WebPage","@id":"https:\/\/alfredovergara.com\/ca\/soporte-tecnico\/","url":"https:\/\/alfredovergara.com\/ca\/soporte-tecnico\/","name":"Suport T\u00e8cnic en Solucions Arom\u00e0tiques | Alfredo Vergara S.L.","isPartOf":{"@id":"https:\/\/alfredovergara.com\/ca\/#website"},"primaryImageOfPage":{"@id":"https:\/\/alfredovergara.com\/ca\/soporte-tecnico\/#primaryimage"},"image":{"@id":"https:\/\/alfredovergara.com\/ca\/soporte-tecnico\/#primaryimage"},"thumbnailUrl":"https:\/\/alfredovergara.com\/wp-content\/uploads\/scientist-apothecary-extract-cbd-hemp-oil-medicinal-purpose-laboratory-copia.jpg","datePublished":"2025-04-14T14:51:11+00:00","dateModified":"2025-07-08T14:47:10+00:00","description":"Assessorem empreses aliment\u00e0ries i farmac\u00e8utiques amb solucions arom\u00e0tiques industrials.","breadcrumb":{"@id":"https:\/\/alfredovergara.com\/ca\/soporte-tecnico\/#breadcrumb"},"inLanguage":"ca","potentialAction":[{"@type":"ReadAction","target":["https:\/\/alfredovergara.com\/ca\/soporte-tecnico\/"]}]},{"@type":"ImageObject","inLanguage":"ca","@id":"https:\/\/alfredovergara.com\/ca\/soporte-tecnico\/#primaryimage","url":"https:\/\/alfredovergara.com\/wp-content\/uploads\/scientist-apothecary-extract-cbd-hemp-oil-medicinal-purpose-laboratory-copia.jpg","contentUrl":"https:\/\/alfredovergara.com\/wp-content\/uploads\/scientist-apothecary-extract-cbd-hemp-oil-medicinal-purpose-laboratory-copia.jpg"},{"@type":"BreadcrumbList","@id":"https:\/\/alfredovergara.com\/ca\/soporte-tecnico\/#breadcrumb","itemListElement":[{"@type":"ListItem","position":1,"name":"Portada","item":"https:\/\/alfredovergara.com\/ca\/"},{"@type":"ListItem","position":2,"name":"Suport t\u00e8cnic"}]},{"@type":"WebSite","@id":"https:\/\/alfredovergara.com\/ca\/#website","url":"https:\/\/alfredovergara.com\/ca\/","name":"Alfredo Vergara S.L.","description":"Distribuidor de Aromas Industriales Firmenich","potentialAction":[{"@type":"SearchAction","target":{"@type":"EntryPoint","urlTemplate":"https:\/\/alfredovergara.com\/ca\/?s={search_term_string}"},"query-input":{"@type":"PropertyValueSpecification","valueRequired":true,"valueName":"search_term_string"}}],"inLanguage":"ca"}]}},"_links":{"self":[{"href":"https:\/\/alfredovergara.com\/ca\/wp-json\/wp\/v2\/pages\/1555","targetHints":{"allow":["GET"]}}],"collection":[{"href":"https:\/\/alfredovergara.com\/ca\/wp-json\/wp\/v2\/pages"}],"about":[{"href":"https:\/\/alfredovergara.com\/ca\/wp-json\/wp\/v2\/types\/page"}],"author":[{"embeddable":true,"href":"https:\/\/alfredovergara.com\/ca\/wp-json\/wp\/v2\/users\/1"}],"replies":[{"embeddable":true,"href":"https:\/\/alfredovergara.com\/ca\/wp-json\/wp\/v2\/comments?post=1555"}],"version-history":[{"count":8,"href":"https:\/\/alfredovergara.com\/ca\/wp-json\/wp\/v2\/pages\/1555\/revisions"}],"predecessor-version":[{"id":1937,"href":"https:\/\/alfredovergara.com\/ca\/wp-json\/wp\/v2\/pages\/1555\/revisions\/1937"}],"wp:attachment":[{"href":"https:\/\/alfredovergara.com\/ca\/wp-json\/wp\/v2\/media?parent=1555"}],"curies":[{"name":"wp","href":"https:\/\/api.w.org\/{rel}","templated":true}]}}