{"id":1613,"date":"2025-04-09T16:10:22","date_gmt":"2025-04-09T14:10:22","guid":{"rendered":"https:\/\/alfredovergara.com\/aviso-legal\/"},"modified":"2025-06-06T18:04:58","modified_gmt":"2025-06-06T16:04:58","slug":"avis-legal","status":"publish","type":"page","link":"https:\/\/alfredovergara.com\/ca\/avis-legal\/","title":{"rendered":"Avis legal"},"content":{"rendered":"\t\t<div data-elementor-type=\"wp-page\" data-elementor-id=\"1613\" class=\"elementor elementor-1613 elementor-778\">\n\t\t\t\t<div class=\"elementor-element elementor-element-09c4a9c e-flex e-con-boxed e-con e-parent\" data-id=\"09c4a9c\" data-element_type=\"container\" data-settings=\"{&quot;jet_parallax_layout_list&quot;:[]}\">\n\t\t\t\t\t<div class=\"e-con-inner\">\n\t\t<div class=\"elementor-element elementor-element-c00eccf e-con-full e-flex e-con e-child\" data-id=\"c00eccf\" data-element_type=\"container\" data-settings=\"{&quot;jet_parallax_layout_list&quot;:[]}\">\n\t\t\t\t<div class=\"elementor-element elementor-element-40e2034 elementor-widget elementor-widget-heading\" data-id=\"40e2034\" data-element_type=\"widget\" data-widget_type=\"heading.default\">\n\t\t\t\t<div class=\"elementor-widget-container\">\n\t\t\t\t\t<h1 class=\"elementor-heading-title elementor-size-default\">Avis legal<\/h1>\t\t\t\t<\/div>\n\t\t\t\t<\/div>\n\t\t\t\t<div class=\"elementor-element elementor-element-76b2b3f elementor-widget elementor-widget-text-editor\" data-id=\"76b2b3f\" data-element_type=\"widget\" data-widget_type=\"text-editor.default\">\n\t\t\t\t<div class=\"elementor-widget-container\">\n\t\t\t\t\t\t\t\t\t<p><strong>I. INFORMACI\u00d3 GENERAL<\/strong><\/p>\n<p>En compliment del deure informaci\u00f3 disposat a la Llei 34\/2002 de Serveis de la Societat de la Informaci\u00f3 i el Comer\u00e7 Electr\u00f2nic (LSSI-CE) d&#8217;11 de juliol, es faciliten a continuaci\u00f3 les dades d&#8217;informaci\u00f3 general d&#8217;aquest lloc web seg\u00fcents:<\/p>\n<p>La titularitat d&#8217;aquest lloc web, alfredovergara.com, (d&#8217;ara endavant, Lloc Web) l&#8217;ostenta: ALFREDO VERGARA, S.L., amb NIF: B60088051, les dades de contacte de les quals s\u00f3n:<\/p>\n<p>Adre\u00e7a: C\/ Fontsanta, 46, 2\u00baC, 08.970 Sant Joan Desp\u00ed (Barcelona)<br>Tel\u00e8fon de contacte: +34 934 774 880<br>Email de contacte: <a href=\"mailto:infovergara@alfredovergara.com\">infovergara@alfredovergara.com<\/a><\/p>\n<p><strong>II. TERMES I CONDICIONS GENERALS D&#8217;\u00daS<\/strong><\/p>\n<p><strong>L&#8217;objecte de les condicions: El Lloc Web<\/strong><\/p>\n<p>L&#8217;objecte d&#8217;aquestes Condicions Generals d&#8217;\u00das (d&#8217;ara endavant, Condicions) \u00e9s regular l&#8217;acc\u00e9s i la utilitzaci\u00f3 del Lloc Web. Als efectes de les presents Condicions s&#8217;entendr\u00e0 com a Lloc Web: l&#8217;aparen\u00e7a externa de les interf\u00edcies de pantalla, tant de forma est\u00e0tica com de forma din\u00e0mica, \u00e9s a dir, l&#8217;arbre de navegaci\u00f3; i tots els elements integrats tant a les interf\u00edcies de pantalla com a l&#8217;arbre de navegaci\u00f3 (d&#8217;ara endavant, Continguts) i tots aquells serveis o recursos en l\u00ednia que si escau ofereixi als Usuaris (d&#8217;ara endavant, Serveis).<\/p>\n<p>Inversions a la teva mida es reserva la facultat de modificar, en qualsevol moment, i sense av\u00eds previ, la presentaci\u00f3 i configuraci\u00f3 del Lloc Web i dels Continguts i Serveis que hi poguessin estar incorporats. L&#8217;Usuari reconeix i accepta que en qualsevol moment Inversions a la teva mida pugui interrompre, desactivar i\/o cancel\u00b7lar qualsevol d&#8217;aquests elements que s&#8217;integren al Lloc Web o accedir-hi.<\/p>\n<p>L&#8217;acc\u00e9s al Lloc Web per l&#8217;Usuari t\u00e9 car\u00e0cter lliure i, per regla general, \u00e9s gratu\u00eft sense que l&#8217;Usuari hagi de proporcionar una contraprestaci\u00f3 per poder gaudir-ne, llevat del cost de connexi\u00f3 a trav\u00e9s de la xarxa de telecomunicacions subministrada pel prove\u00efdor d&#8217;acc\u00e9s que hagi contractat l&#8217;Usuari.<\/p>\n<p>La utilitzaci\u00f3 d&#8217;algun dels continguts o serveis del lloc web es pot fer mitjan\u00e7ant la subscripci\u00f3 o el registre previ de l&#8217;usuari.<\/p>\n<p><strong>L&#8217;Usuari<\/strong><\/p>\n<p>L&#8217;acc\u00e9s, la navegaci\u00f3 i l&#8217;\u00fas del Lloc Web, aix\u00ed com pels espais habilitats per interactuar entre els Usuaris, i l&#8217;Usuari i Inversions a la teva mida, com els comentaris i\/o espais de blogging, confereix la condici\u00f3 d&#8217;Usuari, per la qual cosa s&#8217;accepten, des que s&#8217;inicia la navegaci\u00f3 pel Lloc legal, sense les condicions aqu\u00ed establertes, com tamb\u00e9 compliment segons el cas. Atesa la rellev\u00e0ncia de l&#8217;anterior, es recomana a l&#8217;Usuari llegir-les cada vegada que visiteu el Lloc Web.<\/p>\n<p>El Lloc Web d&#8217;Inversions proporciona a la vostra mida una gran diversitat d&#8217;informaci\u00f3, serveis i dades. L&#8217;Usuari assumeix la seva responsabilitat per fer un \u00fas correcte del Lloc Web. Aquesta responsabilitat s&#8217;estendr\u00e0 a:<\/p>\n<p>Un \u00fas de la informaci\u00f3, continguts i\/o serveis i dades ofertes per Inversions a la teva mida sense que sigui contrari al que disposen aquestes Condicions, la Llei, la moral o l&#8217;ordre p\u00fablic, o que de qualsevol altra manera puguin suposar lesi\u00f3 dels drets de tercers o del mateix funcionament del Lloc Web.<br>La veracitat i licitud de les informacions aportades per l&#8217;Usuari als formularis estesos per Inversions a la teva mida per a l&#8217;acc\u00e9s a certs Continguts o Serveis oferts pel Lloc Web. En tot cas, l&#8217;Usuari notificar\u00e0 de forma immediata a Inversions a la teva mida sobre qualsevol fet que permeti l&#8217;\u00fas indegut de la informaci\u00f3 registrada en aquests formularis, com ara, per\u00f2 no nom\u00e9s, el robatori, la p\u00e8rdua, o l&#8217;acc\u00e9s no autoritzat a identificadors i\/o contrasenyes, a fi de procedir a cancel\u00b7lar-la immediatament.<br>Inversions a la teva mida es reserva el dret de retirar tots aquells comentaris i aportacions que vulnerin la llei, el respecte a la dignitat de la persona, que siguin discriminatoris, xen\u00f2fobs, racistes, pornogr\u00e0fics, spamming, que atemptin contra la joventut o la inf\u00e0ncia, l&#8217;ordre o la seguretat p\u00fablica o que, segons ell, no siguin adequats.<\/p>\n<p>En qualsevol cas, Inversions a la teva mida no ser\u00e0 responsable de les opinions abocades pels Usuaris a trav\u00e9s de comentaris o altres eines de blogging o de participaci\u00f3 que hi pugui haver.<\/p>\n<p>El mer acc\u00e9s a aquest Lloc Web no suposa entaular cap tipus de relaci\u00f3 de car\u00e0cter comercial entre Inversions a la teva mida i l&#8217;Usuari.<\/p>\n<p>L&#8217;Usuari declara que \u00e9s m\u00e9s gran i disposar de la capacitat jur\u00eddica suficient per vincular-se per aquestes Condicions. Per tant, aquest Lloc Web d&#8217;Inversions a la vostra mida no s&#8217;adre\u00e7a a menors d&#8217;edat. Inversions a mida declina qualsevol responsabilitat per l&#8217;incompliment d&#8217;aquest requisit.<\/p>\n<p>El Lloc Web est\u00e0 dirigit principalment a Usuaris<\/p>\t\t\t\t\t\t\t\t<\/div>\n\t\t\t\t<\/div>\n\t\t\t\t<\/div>\n\t\t\t\t\t<\/div>\n\t\t\t\t<\/div>\n\t\t\t\t<\/div>\n\t\t","protected":false},"excerpt":{"rendered":"<p>I. INFORMACI\u00d3 GENERAL En compliment del deure informaci\u00f3 disposat a la Llei 34\/2002 de Serveis de la Societat de la Informaci\u00f3 i el Comer\u00e7 Electr\u00f2nic (LSSI-CE) d&#8217;11 de juliol, es faciliten a continuaci\u00f3 les dades d&#8217;informaci\u00f3 general d&#8217;aquest lloc web seg\u00fcents: La titularitat d&#8217;aquest lloc web, alfredovergara.com, (d&#8217;ara endavant, Lloc Web) l&#8217;ostenta: ALFREDO VERGARA, S.L., [&hellip;]<\/p>\n","protected":false},"author":1,"featured_media":0,"parent":0,"menu_order":0,"comment_status":"closed","ping_status":"closed","template":"elementor_header_footer","meta":{"_acf_changed":false,"footnotes":""},"class_list":["post-1613","page","type-page","status-publish","hentry"],"acf":[],"yoast_head":"<!-- This site is optimized with the Yoast SEO plugin v26.6 - https:\/\/yoast.com\/wordpress\/plugins\/seo\/ -->\n<title>Avis legal | Alfredo Vergara S.L.<\/title>\n<meta name=\"robots\" content=\"index, follow, max-snippet:-1, max-image-preview:large, max-video-preview:-1\" \/>\n<link rel=\"canonical\" href=\"https:\/\/alfredovergara.com\/ca\/avis-legal\/\" \/>\n<meta property=\"og:locale\" content=\"ca_ES\" \/>\n<meta property=\"og:type\" content=\"article\" \/>\n<meta property=\"og:title\" content=\"Avis legal | Alfredo Vergara S.L.\" \/>\n<meta property=\"og:description\" content=\"I. INFORMACI\u00d3 GENERAL En compliment del deure informaci\u00f3 disposat a la Llei 34\/2002 de Serveis de la Societat de la Informaci\u00f3 i el Comer\u00e7 Electr\u00f2nic (LSSI-CE) d&#8217;11 de juliol, es faciliten a continuaci\u00f3 les dades d&#8217;informaci\u00f3 general d&#8217;aquest lloc web seg\u00fcents: La titularitat d&#8217;aquest lloc web, alfredovergara.com, (d&#8217;ara endavant, Lloc Web) l&#8217;ostenta: ALFREDO VERGARA, S.L., [&hellip;]\" \/>\n<meta property=\"og:url\" content=\"https:\/\/alfredovergara.com\/ca\/avis-legal\/\" \/>\n<meta property=\"og:site_name\" content=\"Alfredo Vergara S.L.\" \/>\n<meta property=\"article:modified_time\" content=\"2025-06-06T16:04:58+00:00\" \/>\n<meta property=\"og:image\" content=\"https:\/\/alfredovergara.com\/wp-content\/uploads\/logo-alfredo-vergara.png\" \/>\n\t<meta property=\"og:image:width\" content=\"950\" \/>\n\t<meta property=\"og:image:height\" content=\"204\" \/>\n\t<meta property=\"og:image:type\" content=\"image\/png\" \/>\n<meta name=\"twitter:card\" content=\"summary_large_image\" \/>\n<meta name=\"twitter:label1\" content=\"Temps estimat de lectura\" \/>\n\t<meta name=\"twitter:data1\" content=\"4 minuts\" \/>\n<script type=\"application\/ld+json\" class=\"yoast-schema-graph\">{\"@context\":\"https:\/\/schema.org\",\"@graph\":[{\"@type\":\"WebPage\",\"@id\":\"https:\/\/alfredovergara.com\/ca\/avis-legal\/\",\"url\":\"https:\/\/alfredovergara.com\/ca\/avis-legal\/\",\"name\":\"Avis legal | Alfredo Vergara S.L.\",\"isPartOf\":{\"@id\":\"https:\/\/alfredovergara.com\/ca\/#website\"},\"datePublished\":\"2025-04-09T14:10:22+00:00\",\"dateModified\":\"2025-06-06T16:04:58+00:00\",\"breadcrumb\":{\"@id\":\"https:\/\/alfredovergara.com\/ca\/avis-legal\/#breadcrumb\"},\"inLanguage\":\"ca\",\"potentialAction\":[{\"@type\":\"ReadAction\",\"target\":[\"https:\/\/alfredovergara.com\/ca\/avis-legal\/\"]}]},{\"@type\":\"BreadcrumbList\",\"@id\":\"https:\/\/alfredovergara.com\/ca\/avis-legal\/#breadcrumb\",\"itemListElement\":[{\"@type\":\"ListItem\",\"position\":1,\"name\":\"Portada\",\"item\":\"https:\/\/alfredovergara.com\/ca\/\"},{\"@type\":\"ListItem\",\"position\":2,\"name\":\"Avis legal\"}]},{\"@type\":\"WebSite\",\"@id\":\"https:\/\/alfredovergara.com\/ca\/#website\",\"url\":\"https:\/\/alfredovergara.com\/ca\/\",\"name\":\"Alfredo Vergara S.L.\",\"description\":\"Distribuidor de Aromas Industriales Firmenich\",\"potentialAction\":[{\"@type\":\"SearchAction\",\"target\":{\"@type\":\"EntryPoint\",\"urlTemplate\":\"https:\/\/alfredovergara.com\/ca\/?s={search_term_string}\"},\"query-input\":{\"@type\":\"PropertyValueSpecification\",\"valueRequired\":true,\"valueName\":\"search_term_string\"}}],\"inLanguage\":\"ca\"}]}<\/script>\n<!-- \/ Yoast SEO plugin. -->","yoast_head_json":{"title":"Avis legal | Alfredo Vergara S.L.","robots":{"index":"index","follow":"follow","max-snippet":"max-snippet:-1","max-image-preview":"max-image-preview:large","max-video-preview":"max-video-preview:-1"},"canonical":"https:\/\/alfredovergara.com\/ca\/avis-legal\/","og_locale":"ca_ES","og_type":"article","og_title":"Avis legal | Alfredo Vergara S.L.","og_description":"I. INFORMACI\u00d3 GENERAL En compliment del deure informaci\u00f3 disposat a la Llei 34\/2002 de Serveis de la Societat de la Informaci\u00f3 i el Comer\u00e7 Electr\u00f2nic (LSSI-CE) d&#8217;11 de juliol, es faciliten a continuaci\u00f3 les dades d&#8217;informaci\u00f3 general d&#8217;aquest lloc web seg\u00fcents: La titularitat d&#8217;aquest lloc web, alfredovergara.com, (d&#8217;ara endavant, Lloc Web) l&#8217;ostenta: ALFREDO VERGARA, S.L., [&hellip;]","og_url":"https:\/\/alfredovergara.com\/ca\/avis-legal\/","og_site_name":"Alfredo Vergara S.L.","article_modified_time":"2025-06-06T16:04:58+00:00","og_image":[{"width":950,"height":204,"url":"https:\/\/alfredovergara.com\/wp-content\/uploads\/logo-alfredo-vergara.png","type":"image\/png"}],"twitter_card":"summary_large_image","twitter_misc":{"Temps estimat de lectura":"4 minuts"},"schema":{"@context":"https:\/\/schema.org","@graph":[{"@type":"WebPage","@id":"https:\/\/alfredovergara.com\/ca\/avis-legal\/","url":"https:\/\/alfredovergara.com\/ca\/avis-legal\/","name":"Avis legal | Alfredo Vergara S.L.","isPartOf":{"@id":"https:\/\/alfredovergara.com\/ca\/#website"},"datePublished":"2025-04-09T14:10:22+00:00","dateModified":"2025-06-06T16:04:58+00:00","breadcrumb":{"@id":"https:\/\/alfredovergara.com\/ca\/avis-legal\/#breadcrumb"},"inLanguage":"ca","potentialAction":[{"@type":"ReadAction","target":["https:\/\/alfredovergara.com\/ca\/avis-legal\/"]}]},{"@type":"BreadcrumbList","@id":"https:\/\/alfredovergara.com\/ca\/avis-legal\/#breadcrumb","itemListElement":[{"@type":"ListItem","position":1,"name":"Portada","item":"https:\/\/alfredovergara.com\/ca\/"},{"@type":"ListItem","position":2,"name":"Avis legal"}]},{"@type":"WebSite","@id":"https:\/\/alfredovergara.com\/ca\/#website","url":"https:\/\/alfredovergara.com\/ca\/","name":"Alfredo Vergara S.L.","description":"Distribuidor de Aromas Industriales Firmenich","potentialAction":[{"@type":"SearchAction","target":{"@type":"EntryPoint","urlTemplate":"https:\/\/alfredovergara.com\/ca\/?s={search_term_string}"},"query-input":{"@type":"PropertyValueSpecification","valueRequired":true,"valueName":"search_term_string"}}],"inLanguage":"ca"}]}},"_links":{"self":[{"href":"https:\/\/alfredovergara.com\/ca\/wp-json\/wp\/v2\/pages\/1613","targetHints":{"allow":["GET"]}}],"collection":[{"href":"https:\/\/alfredovergara.com\/ca\/wp-json\/wp\/v2\/pages"}],"about":[{"href":"https:\/\/alfredovergara.com\/ca\/wp-json\/wp\/v2\/types\/page"}],"author":[{"embeddable":true,"href":"https:\/\/alfredovergara.com\/ca\/wp-json\/wp\/v2\/users\/1"}],"replies":[{"embeddable":true,"href":"https:\/\/alfredovergara.com\/ca\/wp-json\/wp\/v2\/comments?post=1613"}],"version-history":[{"count":5,"href":"https:\/\/alfredovergara.com\/ca\/wp-json\/wp\/v2\/pages\/1613\/revisions"}],"predecessor-version":[{"id":1666,"href":"https:\/\/alfredovergara.com\/ca\/wp-json\/wp\/v2\/pages\/1613\/revisions\/1666"}],"wp:attachment":[{"href":"https:\/\/alfredovergara.com\/ca\/wp-json\/wp\/v2\/media?parent=1613"}],"curies":[{"name":"wp","href":"https:\/\/api.w.org\/{rel}","templated":true}]}}