{"id":1617,"date":"2025-04-09T16:10:38","date_gmt":"2025-04-09T14:10:38","guid":{"rendered":"https:\/\/alfredovergara.com\/accesibilidad\/"},"modified":"2025-06-08T18:47:07","modified_gmt":"2025-06-08T16:47:07","slug":"accessibilitat","status":"publish","type":"page","link":"https:\/\/alfredovergara.com\/ca\/accessibilitat\/","title":{"rendered":"Declaraci\u00f3 d&#8217;accessibilitat"},"content":{"rendered":"\t\t<div data-elementor-type=\"wp-page\" data-elementor-id=\"1617\" class=\"elementor elementor-1617 elementor-779\">\n\t\t\t\t<div class=\"elementor-element elementor-element-09c4a9c e-flex e-con-boxed e-con e-parent\" data-id=\"09c4a9c\" data-element_type=\"container\" data-settings=\"{&quot;jet_parallax_layout_list&quot;:[]}\">\n\t\t\t\t\t<div class=\"e-con-inner\">\n\t\t<div class=\"elementor-element elementor-element-c00eccf e-con-full e-flex e-con e-child\" data-id=\"c00eccf\" data-element_type=\"container\" data-settings=\"{&quot;jet_parallax_layout_list&quot;:[]}\">\n\t\t\t\t<div class=\"elementor-element elementor-element-40e2034 elementor-widget elementor-widget-heading\" data-id=\"40e2034\" data-element_type=\"widget\" data-widget_type=\"heading.default\">\n\t\t\t\t<div class=\"elementor-widget-container\">\n\t\t\t\t\t<h1 class=\"elementor-heading-title elementor-size-default\">Declaraci\u00f3 d&#8217;accessibilitat<\/h1>\t\t\t\t<\/div>\n\t\t\t\t<\/div>\n\t\t\t\t<div class=\"elementor-element elementor-element-76b2b3f elementor-widget elementor-widget-text-editor\" data-id=\"76b2b3f\" data-element_type=\"widget\" data-widget_type=\"text-editor.default\">\n\t\t\t\t<div class=\"elementor-widget-container\">\n\t\t\t\t\t\t\t\t\t<div style=\"word-break: break-word;\">\n<p><strong>Aquesta web \u00e9s accessible.<\/strong><\/p>\n<p>El lloc web alfredovergara.com ha estat dissenyat i programat seguint les pautes de la iniciativa WCAG 2.0 (Web Content Accessibility Guidelines 2.0, http:\/\/www.w3.org\/TR\/WCAG20\/), que marca uns est\u00e0ndards internacionals en la creaci\u00f3 de continguts webs accessibles a tot el m\u00f3n.<\/p>\n<p>Nivell de conformitat amb les pautes: Nivell AA de conformitat.<\/p>\n<p>Compatibilitat amb est\u00e0ndards<\/p>\n<ul>\n<li>HTML5<\/li>\n<li>CSS<\/li>\n<li>WCAG 2.0-AA<\/li>\n<\/ul>\n<p>\u00a0<\/p>\n<p>Av\u00eds<\/p>\n<p>Si hi ha alguna dificultat a l&#8217;hora d&#8217;accedir o visualitzar informaci\u00f3 en aquest lloc web, o hi ha algun suggeriment per a la millora de l&#8217;accessibilitat en algun aspecte, aquest \u00e9s el correu electr\u00f2nic de contacte: <a href=\"mailto:infovergara@alfredovergara.com\">infovergara@alfredovergara.com<\/a><\/p>\n<\/div>\t\t\t\t\t\t\t\t<\/div>\n\t\t\t\t<\/div>\n\t\t\t\t<\/div>\n\t\t\t\t\t<\/div>\n\t\t\t\t<\/div>\n\t\t\t\t<\/div>\n\t\t","protected":false},"excerpt":{"rendered":"<p>Aquesta web \u00e9s accessible. El lloc web alfredovergara.com ha estat dissenyat i programat seguint les pautes de la iniciativa WCAG 2.0 (Web Content Accessibility Guidelines 2.0, http:\/\/www.w3.org\/TR\/WCAG20\/), que marca uns est\u00e0ndards internacionals en la creaci\u00f3 de continguts webs accessibles a tot el m\u00f3n. Nivell de conformitat amb les pautes: Nivell AA de conformitat. Compatibilitat amb [&hellip;]<\/p>\n","protected":false},"author":1,"featured_media":0,"parent":0,"menu_order":0,"comment_status":"closed","ping_status":"closed","template":"elementor_header_footer","meta":{"_acf_changed":false,"footnotes":""},"class_list":["post-1617","page","type-page","status-publish","hentry"],"acf":[],"yoast_head":"<!-- This site is optimized with the Yoast SEO plugin v26.6 - https:\/\/yoast.com\/wordpress\/plugins\/seo\/ -->\n<title>Declaraci\u00f3 d&#039;accessibilitat | Alfredo Vergara S.L.<\/title>\n<meta name=\"robots\" content=\"index, follow, max-snippet:-1, max-image-preview:large, max-video-preview:-1\" \/>\n<link rel=\"canonical\" href=\"https:\/\/alfredovergara.com\/ca\/accessibilitat\/\" \/>\n<meta property=\"og:locale\" content=\"ca_ES\" \/>\n<meta property=\"og:type\" content=\"article\" \/>\n<meta property=\"og:title\" content=\"Declaraci\u00f3 d&#039;accessibilitat | Alfredo Vergara S.L.\" \/>\n<meta property=\"og:description\" content=\"Aquesta web \u00e9s accessible. El lloc web alfredovergara.com ha estat dissenyat i programat seguint les pautes de la iniciativa WCAG 2.0 (Web Content Accessibility Guidelines 2.0, http:\/\/www.w3.org\/TR\/WCAG20\/), que marca uns est\u00e0ndards internacionals en la creaci\u00f3 de continguts webs accessibles a tot el m\u00f3n. Nivell de conformitat amb les pautes: Nivell AA de conformitat. Compatibilitat amb [&hellip;]\" \/>\n<meta property=\"og:url\" content=\"https:\/\/alfredovergara.com\/ca\/accessibilitat\/\" \/>\n<meta property=\"og:site_name\" content=\"Alfredo Vergara S.L.\" \/>\n<meta property=\"article:modified_time\" content=\"2025-06-08T16:47:07+00:00\" \/>\n<meta property=\"og:image\" content=\"https:\/\/alfredovergara.com\/wp-content\/uploads\/logo-alfredo-vergara.png\" \/>\n\t<meta property=\"og:image:width\" content=\"950\" \/>\n\t<meta property=\"og:image:height\" content=\"204\" \/>\n\t<meta property=\"og:image:type\" content=\"image\/png\" \/>\n<meta name=\"twitter:card\" content=\"summary_large_image\" \/>\n<meta name=\"twitter:label1\" content=\"Temps estimat de lectura\" \/>\n\t<meta name=\"twitter:data1\" content=\"1 minut\" \/>\n<script type=\"application\/ld+json\" class=\"yoast-schema-graph\">{\"@context\":\"https:\/\/schema.org\",\"@graph\":[{\"@type\":\"WebPage\",\"@id\":\"https:\/\/alfredovergara.com\/ca\/accessibilitat\/\",\"url\":\"https:\/\/alfredovergara.com\/ca\/accessibilitat\/\",\"name\":\"Declaraci\u00f3 d'accessibilitat | Alfredo Vergara S.L.\",\"isPartOf\":{\"@id\":\"https:\/\/alfredovergara.com\/ca\/#website\"},\"datePublished\":\"2025-04-09T14:10:38+00:00\",\"dateModified\":\"2025-06-08T16:47:07+00:00\",\"breadcrumb\":{\"@id\":\"https:\/\/alfredovergara.com\/ca\/accessibilitat\/#breadcrumb\"},\"inLanguage\":\"ca\",\"potentialAction\":[{\"@type\":\"ReadAction\",\"target\":[\"https:\/\/alfredovergara.com\/ca\/accessibilitat\/\"]}]},{\"@type\":\"BreadcrumbList\",\"@id\":\"https:\/\/alfredovergara.com\/ca\/accessibilitat\/#breadcrumb\",\"itemListElement\":[{\"@type\":\"ListItem\",\"position\":1,\"name\":\"Portada\",\"item\":\"https:\/\/alfredovergara.com\/ca\/\"},{\"@type\":\"ListItem\",\"position\":2,\"name\":\"Declaraci\u00f3 d&#8217;accessibilitat\"}]},{\"@type\":\"WebSite\",\"@id\":\"https:\/\/alfredovergara.com\/ca\/#website\",\"url\":\"https:\/\/alfredovergara.com\/ca\/\",\"name\":\"Alfredo Vergara S.L.\",\"description\":\"Distribuidor de Aromas Industriales Firmenich\",\"potentialAction\":[{\"@type\":\"SearchAction\",\"target\":{\"@type\":\"EntryPoint\",\"urlTemplate\":\"https:\/\/alfredovergara.com\/ca\/?s={search_term_string}\"},\"query-input\":{\"@type\":\"PropertyValueSpecification\",\"valueRequired\":true,\"valueName\":\"search_term_string\"}}],\"inLanguage\":\"ca\"}]}<\/script>\n<!-- \/ Yoast SEO plugin. -->","yoast_head_json":{"title":"Declaraci\u00f3 d'accessibilitat | Alfredo Vergara S.L.","robots":{"index":"index","follow":"follow","max-snippet":"max-snippet:-1","max-image-preview":"max-image-preview:large","max-video-preview":"max-video-preview:-1"},"canonical":"https:\/\/alfredovergara.com\/ca\/accessibilitat\/","og_locale":"ca_ES","og_type":"article","og_title":"Declaraci\u00f3 d'accessibilitat | Alfredo Vergara S.L.","og_description":"Aquesta web \u00e9s accessible. El lloc web alfredovergara.com ha estat dissenyat i programat seguint les pautes de la iniciativa WCAG 2.0 (Web Content Accessibility Guidelines 2.0, http:\/\/www.w3.org\/TR\/WCAG20\/), que marca uns est\u00e0ndards internacionals en la creaci\u00f3 de continguts webs accessibles a tot el m\u00f3n. Nivell de conformitat amb les pautes: Nivell AA de conformitat. Compatibilitat amb [&hellip;]","og_url":"https:\/\/alfredovergara.com\/ca\/accessibilitat\/","og_site_name":"Alfredo Vergara S.L.","article_modified_time":"2025-06-08T16:47:07+00:00","og_image":[{"width":950,"height":204,"url":"https:\/\/alfredovergara.com\/wp-content\/uploads\/logo-alfredo-vergara.png","type":"image\/png"}],"twitter_card":"summary_large_image","twitter_misc":{"Temps estimat de lectura":"1 minut"},"schema":{"@context":"https:\/\/schema.org","@graph":[{"@type":"WebPage","@id":"https:\/\/alfredovergara.com\/ca\/accessibilitat\/","url":"https:\/\/alfredovergara.com\/ca\/accessibilitat\/","name":"Declaraci\u00f3 d'accessibilitat | Alfredo Vergara S.L.","isPartOf":{"@id":"https:\/\/alfredovergara.com\/ca\/#website"},"datePublished":"2025-04-09T14:10:38+00:00","dateModified":"2025-06-08T16:47:07+00:00","breadcrumb":{"@id":"https:\/\/alfredovergara.com\/ca\/accessibilitat\/#breadcrumb"},"inLanguage":"ca","potentialAction":[{"@type":"ReadAction","target":["https:\/\/alfredovergara.com\/ca\/accessibilitat\/"]}]},{"@type":"BreadcrumbList","@id":"https:\/\/alfredovergara.com\/ca\/accessibilitat\/#breadcrumb","itemListElement":[{"@type":"ListItem","position":1,"name":"Portada","item":"https:\/\/alfredovergara.com\/ca\/"},{"@type":"ListItem","position":2,"name":"Declaraci\u00f3 d&#8217;accessibilitat"}]},{"@type":"WebSite","@id":"https:\/\/alfredovergara.com\/ca\/#website","url":"https:\/\/alfredovergara.com\/ca\/","name":"Alfredo Vergara S.L.","description":"Distribuidor de Aromas Industriales Firmenich","potentialAction":[{"@type":"SearchAction","target":{"@type":"EntryPoint","urlTemplate":"https:\/\/alfredovergara.com\/ca\/?s={search_term_string}"},"query-input":{"@type":"PropertyValueSpecification","valueRequired":true,"valueName":"search_term_string"}}],"inLanguage":"ca"}]}},"_links":{"self":[{"href":"https:\/\/alfredovergara.com\/ca\/wp-json\/wp\/v2\/pages\/1617","targetHints":{"allow":["GET"]}}],"collection":[{"href":"https:\/\/alfredovergara.com\/ca\/wp-json\/wp\/v2\/pages"}],"about":[{"href":"https:\/\/alfredovergara.com\/ca\/wp-json\/wp\/v2\/types\/page"}],"author":[{"embeddable":true,"href":"https:\/\/alfredovergara.com\/ca\/wp-json\/wp\/v2\/users\/1"}],"replies":[{"embeddable":true,"href":"https:\/\/alfredovergara.com\/ca\/wp-json\/wp\/v2\/comments?post=1617"}],"version-history":[{"count":8,"href":"https:\/\/alfredovergara.com\/ca\/wp-json\/wp\/v2\/pages\/1617\/revisions"}],"predecessor-version":[{"id":1683,"href":"https:\/\/alfredovergara.com\/ca\/wp-json\/wp\/v2\/pages\/1617\/revisions\/1683"}],"wp:attachment":[{"href":"https:\/\/alfredovergara.com\/ca\/wp-json\/wp\/v2\/media?parent=1617"}],"curies":[{"name":"wp","href":"https:\/\/api.w.org\/{rel}","templated":true}]}}